{"id":3266,"date":"2018-01-09T11:42:44","date_gmt":"2018-01-09T11:42:44","guid":{"rendered":"http:\/\/www.perseestetica.com\/?page_id=3266"},"modified":"2018-09-12T10:15:19","modified_gmt":"2018-09-12T10:15:19","slug":"cookies","status":"publish","type":"page","link":"https:\/\/www.perseestetica.com\/index.php\/cookies\/","title":{"rendered":"cookies"},"content":{"rendered":"<div class=\"wpb-content-wrapper\"><p>[vc_row][vc_column][vc_column_text]<strong>POLITICA DE COOKIES<\/strong><br \/>\n<strong>\u00bfQu\u00e9 es una cookie?<\/strong><br \/>\nUna cookie es un peque\u00f1o archivo de informaci\u00f3n que el servidor env\u00eda a su navegador y permite almacenar y recuperar informaci\u00f3n para ofrecerle una mejor experiencia de usuario y\/o realizar estad\u00edsticas an\u00f3nimas de navegaci\u00f3n.<br \/>\nEl presente sitio web utiliza cookies para llevar a cabo determinadas funciones que son consideradas imprescindibles para el correcto funcionamiento y visualizaci\u00f3n del mismo. Tambi\u00e9n utilizamos cookies para el an\u00e1lisis de su navegaci\u00f3n dentro del sitio web, con la finalidad de comprender como navegan los usuarios dentro de la web y poder mejorarla tras analizar dicha informaci\u00f3n. En ning\u00fan caso se utilizar\u00e1n las cookies para recoger informaci\u00f3n de car\u00e1cter personal.<br \/>\nPara utilizar el presente sitio web en toda su funcionalidad, debe aceptar la instalaci\u00f3n de estas cookies en su dispositivo.<br \/>\n<strong>\u00bfQu\u00e9 cookies utilizamos?<\/strong><br \/>\nLos tipos de cookies que utilizamos son<br \/>\n<strong>Cookies t\u00e9cnicas:<\/strong><br \/>\nEstas cookies son necesarias para el correcto uso de la p\u00e1gina web, permitiendo el acceso a secciones que cuentan con filtros de seguridad. Sin estas cookies, muchos de los servicios disponibles no estar\u00edan operativos.<br \/>\n<strong>Cookies de an\u00e1lisis:<\/strong><br \/>\nSon aqu\u00e9llas que, bien tratadas por nosotros o por terceros, nos permiten cuantificar el n\u00famero de usuarios y as\u00ed realizar la medici\u00f3n y an\u00e1lisis estad\u00edstico de la utilizaci\u00f3n que hacen los usuarios del sitio web. Para ello se analiza su navegaci\u00f3n en nuestra p\u00e1gina web con el fin de mejorar el servicio que prestamos as\u00ed como nuestra oferta de productos. Para este an\u00e1lisis utilizamos el Servicio Google Analytics, de Google Inc.<br \/>\nAl utilizar nuestros servicios acepta la utilizaci\u00f3n de las cookies. Puede usted permitir, bloquear o eliminar las cookies instaladas en su equipo mediante la configuraci\u00f3n de las opciones del navegador instalado en su dispositivo. Por favor, <strong>consulte las instrucciones y manuales de su navegador para ampliar esta informaci\u00f3n.<\/strong><br \/>\n<a href=\"https:\/\/support.google.com\/chrome\/answer\/95647?hl=es\">Google Chrome<\/a><br \/>\n<a href=\"http:\/\/support.mozilla.org\/es\/kb\/habilitar-y-deshabilitar-cookies-que-los-sitios-we\">Firefox<\/a><br \/>\n<a href=\"http:\/\/windows.microsoft.com\/es-xl\/internet-explorer\/delete-manage-cookies#ie=ie-8\">Internet Explorer<\/a><br \/>\n<a href=\"https:\/\/support.apple.com\/kb\/ph21411?locale=es_ES\">Safari<\/a><\/p>\n<p>[\/vc_column_text][\/vc_column][\/vc_row]<\/p>\n<\/div>","protected":false},"excerpt":{"rendered":"<p>[vc_row][vc_column][vc_column_text]POLITICA DE COOKIES \u00bfQu\u00e9 es una cookie? Una cookie es un peque\u00f1o archivo de informaci\u00f3n que el servidor env\u00eda a su navegador y permite almacenar y recuperar informaci\u00f3n para ofrecerle una mejor experiencia de usuario y\/o realizar estad\u00edsticas an\u00f3nimas de [&hellip;]<\/p>\n","protected":false},"author":1,"featured_media":0,"parent":0,"menu_order":0,"comment_status":"closed","ping_status":"closed","template":"","meta":{"footnotes":""},"class_list":["post-3266","page","type-page","status-publish","hentry"],"yoast_head":"<!-- This site is optimized with the Yoast SEO plugin v27.0 - https:\/\/yoast.com\/product\/yoast-seo-wordpress\/ -->\n<title>cookies - PER SE ESTETICA<\/title>\n<meta name=\"robots\" content=\"index, follow, max-snippet:-1, max-image-preview:large, max-video-preview:-1\" \/>\n<link rel=\"canonical\" href=\"https:\/\/www.perseestetica.com\/index.php\/cookies\/\" \/>\n<meta property=\"og:locale\" content=\"es_ES\" \/>\n<meta property=\"og:type\" content=\"article\" \/>\n<meta property=\"og:title\" content=\"cookies - PER SE ESTETICA\" \/>\n<meta property=\"og:description\" content=\"[vc_row][vc_column][vc_column_text]POLITICA DE COOKIES \u00bfQu\u00e9 es una cookie? Una cookie es un peque\u00f1o archivo de informaci\u00f3n que el servidor env\u00eda a su navegador y permite almacenar y recuperar informaci\u00f3n para ofrecerle una mejor experiencia de usuario y\/o realizar estad\u00edsticas an\u00f3nimas de [&hellip;]\" \/>\n<meta property=\"og:url\" content=\"https:\/\/www.perseestetica.com\/index.php\/cookies\/\" \/>\n<meta property=\"og:site_name\" content=\"PER SE ESTETICA\" \/>\n<meta property=\"article:modified_time\" content=\"2018-09-12T10:15:19+00:00\" \/>\n<meta name=\"twitter:card\" content=\"summary_large_image\" \/>\n<meta name=\"twitter:label1\" content=\"Tiempo de lectura\" \/>\n\t<meta name=\"twitter:data1\" content=\"2 minutos\" \/>\n<script type=\"application\/ld+json\" class=\"yoast-schema-graph\">{\"@context\":\"https:\/\/schema.org\",\"@graph\":[{\"@type\":\"WebPage\",\"@id\":\"https:\/\/www.perseestetica.com\/index.php\/cookies\/\",\"url\":\"https:\/\/www.perseestetica.com\/index.php\/cookies\/\",\"name\":\"cookies - PER SE ESTETICA\",\"isPartOf\":{\"@id\":\"https:\/\/www.perseestetica.com\/#website\"},\"datePublished\":\"2018-01-09T11:42:44+00:00\",\"dateModified\":\"2018-09-12T10:15:19+00:00\",\"breadcrumb\":{\"@id\":\"https:\/\/www.perseestetica.com\/index.php\/cookies\/#breadcrumb\"},\"inLanguage\":\"es\",\"potentialAction\":[{\"@type\":\"ReadAction\",\"target\":[\"https:\/\/www.perseestetica.com\/index.php\/cookies\/\"]}]},{\"@type\":\"BreadcrumbList\",\"@id\":\"https:\/\/www.perseestetica.com\/index.php\/cookies\/#breadcrumb\",\"itemListElement\":[{\"@type\":\"ListItem\",\"position\":1,\"name\":\"Portada\",\"item\":\"https:\/\/www.perseestetica.com\/\"},{\"@type\":\"ListItem\",\"position\":2,\"name\":\"cookies\"}]},{\"@type\":\"WebSite\",\"@id\":\"https:\/\/www.perseestetica.com\/#website\",\"url\":\"https:\/\/www.perseestetica.com\/\",\"name\":\"PER SE ESTETICA\",\"description\":\"Centro de est\u00e9tica y bienestar en Vitoria-Gasteiz\",\"potentialAction\":[{\"@type\":\"SearchAction\",\"target\":{\"@type\":\"EntryPoint\",\"urlTemplate\":\"https:\/\/www.perseestetica.com\/?s={search_term_string}\"},\"query-input\":{\"@type\":\"PropertyValueSpecification\",\"valueRequired\":true,\"valueName\":\"search_term_string\"}}],\"inLanguage\":\"es\"}]}<\/script>\n<!-- \/ Yoast SEO plugin. -->","yoast_head_json":{"title":"cookies - PER SE ESTETICA","robots":{"index":"index","follow":"follow","max-snippet":"max-snippet:-1","max-image-preview":"max-image-preview:large","max-video-preview":"max-video-preview:-1"},"canonical":"https:\/\/www.perseestetica.com\/index.php\/cookies\/","og_locale":"es_ES","og_type":"article","og_title":"cookies - PER SE ESTETICA","og_description":"[vc_row][vc_column][vc_column_text]POLITICA DE COOKIES \u00bfQu\u00e9 es una cookie? Una cookie es un peque\u00f1o archivo de informaci\u00f3n que el servidor env\u00eda a su navegador y permite almacenar y recuperar informaci\u00f3n para ofrecerle una mejor experiencia de usuario y\/o realizar estad\u00edsticas an\u00f3nimas de [&hellip;]","og_url":"https:\/\/www.perseestetica.com\/index.php\/cookies\/","og_site_name":"PER SE ESTETICA","article_modified_time":"2018-09-12T10:15:19+00:00","twitter_card":"summary_large_image","twitter_misc":{"Tiempo de lectura":"2 minutos"},"schema":{"@context":"https:\/\/schema.org","@graph":[{"@type":"WebPage","@id":"https:\/\/www.perseestetica.com\/index.php\/cookies\/","url":"https:\/\/www.perseestetica.com\/index.php\/cookies\/","name":"cookies - PER SE ESTETICA","isPartOf":{"@id":"https:\/\/www.perseestetica.com\/#website"},"datePublished":"2018-01-09T11:42:44+00:00","dateModified":"2018-09-12T10:15:19+00:00","breadcrumb":{"@id":"https:\/\/www.perseestetica.com\/index.php\/cookies\/#breadcrumb"},"inLanguage":"es","potentialAction":[{"@type":"ReadAction","target":["https:\/\/www.perseestetica.com\/index.php\/cookies\/"]}]},{"@type":"BreadcrumbList","@id":"https:\/\/www.perseestetica.com\/index.php\/cookies\/#breadcrumb","itemListElement":[{"@type":"ListItem","position":1,"name":"Portada","item":"https:\/\/www.perseestetica.com\/"},{"@type":"ListItem","position":2,"name":"cookies"}]},{"@type":"WebSite","@id":"https:\/\/www.perseestetica.com\/#website","url":"https:\/\/www.perseestetica.com\/","name":"PER SE ESTETICA","description":"Centro de est\u00e9tica y bienestar en Vitoria-Gasteiz","potentialAction":[{"@type":"SearchAction","target":{"@type":"EntryPoint","urlTemplate":"https:\/\/www.perseestetica.com\/?s={search_term_string}"},"query-input":{"@type":"PropertyValueSpecification","valueRequired":true,"valueName":"search_term_string"}}],"inLanguage":"es"}]}},"_links":{"self":[{"href":"https:\/\/www.perseestetica.com\/index.php\/wp-json\/wp\/v2\/pages\/3266","targetHints":{"allow":["GET"]}}],"collection":[{"href":"https:\/\/www.perseestetica.com\/index.php\/wp-json\/wp\/v2\/pages"}],"about":[{"href":"https:\/\/www.perseestetica.com\/index.php\/wp-json\/wp\/v2\/types\/page"}],"author":[{"embeddable":true,"href":"https:\/\/www.perseestetica.com\/index.php\/wp-json\/wp\/v2\/users\/1"}],"replies":[{"embeddable":true,"href":"https:\/\/www.perseestetica.com\/index.php\/wp-json\/wp\/v2\/comments?post=3266"}],"version-history":[{"count":3,"href":"https:\/\/www.perseestetica.com\/index.php\/wp-json\/wp\/v2\/pages\/3266\/revisions"}],"predecessor-version":[{"id":3357,"href":"https:\/\/www.perseestetica.com\/index.php\/wp-json\/wp\/v2\/pages\/3266\/revisions\/3357"}],"wp:attachment":[{"href":"https:\/\/www.perseestetica.com\/index.php\/wp-json\/wp\/v2\/media?parent=3266"}],"curies":[{"name":"wp","href":"https:\/\/api.w.org\/{rel}","templated":true}]}}