{"id":3623,"date":"2020-11-03T09:50:45","date_gmt":"2020-11-03T09:50:45","guid":{"rendered":"https:\/\/www.perseestetica.com\/?page_id=3623"},"modified":"2022-09-22T09:39:05","modified_gmt":"2022-09-22T09:39:05","slug":"pataphone","status":"publish","type":"page","link":"https:\/\/www.perseestetica.com\/index.php\/pataphone\/","title":{"rendered":"pataphone"},"content":{"rendered":"<div class=\"wpb-content-wrapper\"><p>[vc_row][vc_column width=\u00bb1\/2&#8243;][vc_empty_space height=\u00bb100px\u00bb][vc_single_image image=\u00bb3652&#8243; img_size=\u00bb600&#215;600&#8243;][\/vc_column][vc_column width=\u00bb1\/2&#8243;][vc_empty_space height=\u00bb78px\u00bb][vc_column_text]<\/p>\n<h3>HAZ TU PEDIDO POR TEL\u00c9FONO<\/h3>\n<h3>\u201cSERVICIO DE PATAPHONE\u201d<\/h3>\n<p>[\/vc_column_text][vc_empty_space][vc_column_text]<strong>Sin moverte de casa<\/strong> y con tan solo <strong>una llamada de tel\u00e9fono<\/strong> al <strong>945 038 646<\/strong> te ofrecemos la posibilidad de comprar cualquier producto de belleza de venta en #PERSEest\u00e9tica: cosm\u00e9tica, maquillaje y nuestras tarjetas de regalo.<\/p>\n<p>T\u00fa pide por ese piquito y nosotras alzamos el vuelo para llev\u00e1rtelo hasta donde necesites (en Vitoria-Gasteiz) con nuestro <strong>servicio \u201cPATAphone\u201d<\/strong>.<\/p>\n<p>&nbsp;<\/p>\n<p>Te lo ponemos f\u00e1cil:<\/p>\n<p><strong>1.-<\/strong> <strong>Levanta tu tel\u00e9fono y<\/strong> <strong>marca el 945 038 646<\/strong>. \u00a1Ll\u00e1manos! Tambi\u00e9n puedes realizar tu pedido escribi\u00e9ndonos a nuestra cuenta de <strong>correo <\/strong><strong>electr\u00f3nico<\/strong>: cua@perseestetica.com<\/p>\n<p>&nbsp;<\/p>\n<p><strong>2.- Tomamos nota de tu pedido.<\/strong> Si ya sabes lo que necesitas lo apuntamos, pero si quieres que te demos alg\u00fan PATAconsejo sobre qu\u00e9 productos elegir no dudes y \u00a1P\u00eddenoslo!<\/p>\n<p>&nbsp;<\/p>\n<p><strong>3.-<\/strong> Deber\u00e1s facilitarnos la <strong>direcci\u00f3n de entrega<\/strong>.<\/p>\n<p>&nbsp;<\/p>\n<p><strong>4.-<\/strong> Realiza el <strong>pago por Bizum <\/strong>(consulta el n\u00famero con nosotras \u00a1Ll\u00e1manos!) y una vez est\u00e9 confirmado el pedido, s\u00f3lo falta \u00a1echar a volar!<\/p>\n<p>&nbsp;<\/p>\n<p><strong>5.-<\/strong> Recibe tu pedido en <strong>24\/48 h.<\/strong>[\/vc_column_text][\/vc_column][\/vc_row][vc_row][vc_column width=\u00bb2\/3&#8243; css=\u00bb.vc_custom_1526485991938{padding-left: 25% !important;}\u00bb][vc_column_text]\u00a9 PER SE ESTETICA &#8211; <a href=\"https:\/\/www.perseestetica.com\/wp-content\/uploads\/2018\/09\/politica_privacidad.pdf\">Pol\u00edtica de Privacidad<\/a> &#8211; <a href=\"https:\/\/laconsultacreativa.com\/\" target=\"_blank\" rel=\"noopener noreferrer\">Dise\u00f1o Web: La Consulta Creativa<\/a>[\/vc_column_text][\/vc_column][vc_column width=\u00bb1\/3&#8243;][vc_column_text]<\/p>\n<p style=\"text-align: center;\"><a href=\"https:\/\/www.facebook.com\/perseesteticua\/\"><img loading=\"lazy\" decoding=\"async\" class=\"size-full wp-image-3208 alignleft\" src=\"http:\/\/www.perseestetica.com\/wp-content\/uploads\/2017\/12\/icono_facebook.png\" alt=\"\" width=\"43\" height=\"50\" \/><\/a><a href=\"https:\/\/www.instagram.com\/perse_esteticua\/\"><img loading=\"lazy\" decoding=\"async\" class=\"size-full wp-image-3209 alignleft\" src=\"http:\/\/www.perseestetica.com\/wp-content\/uploads\/2017\/12\/icono_instagram.png\" alt=\"\" width=\"43\" height=\"50\" \/><\/a><a href=\" https:\/\/open.spotify.com\/user\/yagk4yaq647lufoj18id96ur2\/playlist\/30OiEwS7c0a0GS86K5Lg75\"><img loading=\"lazy\" decoding=\"async\" class=\"size-full wp-image-3277 alignleft\" src=\"http:\/\/www.perseestetica.com\/wp-content\/uploads\/2018\/01\/icono_spotify.png\" alt=\"\" width=\"43\" height=\"50\" \/><\/a><\/p>\n<p>[\/vc_column_text][\/vc_column][\/vc_row]<\/p>\n<\/div>","protected":false},"excerpt":{"rendered":"<p>[vc_row][vc_column width=\u00bb1\/2&#8243;][vc_empty_space height=\u00bb100px\u00bb][vc_single_image image=\u00bb3652&#8243; img_size=\u00bb600&#215;600&#8243;][\/vc_column][vc_column width=\u00bb1\/2&#8243;][vc_empty_space height=\u00bb78px\u00bb][vc_column_text] HAZ TU PEDIDO POR TEL\u00c9FONO \u201cSERVICIO DE PATAPHONE\u201d [\/vc_column_text][vc_empty_space][vc_column_text]Sin moverte de casa y con tan solo una llamada de tel\u00e9fono al 945 038 646 te ofrecemos la posibilidad de comprar cualquier producto de [&hellip;]<\/p>\n","protected":false},"author":1,"featured_media":0,"parent":0,"menu_order":0,"comment_status":"closed","ping_status":"closed","template":"","meta":{"footnotes":""},"class_list":["post-3623","page","type-page","status-publish","hentry"],"yoast_head":"<!-- This site is optimized with the Yoast SEO plugin v27.0 - https:\/\/yoast.com\/product\/yoast-seo-wordpress\/ -->\n<title>pataphone - PER SE ESTETICA<\/title>\n<meta name=\"robots\" content=\"index, follow, max-snippet:-1, max-image-preview:large, max-video-preview:-1\" \/>\n<link rel=\"canonical\" href=\"https:\/\/www.perseestetica.com\/index.php\/pataphone\/\" \/>\n<meta property=\"og:locale\" content=\"es_ES\" \/>\n<meta property=\"og:type\" content=\"article\" \/>\n<meta property=\"og:title\" content=\"pataphone - PER SE ESTETICA\" \/>\n<meta property=\"og:description\" content=\"[vc_row][vc_column width=\u00bb1\/2&#8243;][vc_empty_space height=\u00bb100px\u00bb][vc_single_image image=\u00bb3652&#8243; img_size=\u00bb600&#215;600&#8243;][\/vc_column][vc_column width=\u00bb1\/2&#8243;][vc_empty_space height=\u00bb78px\u00bb][vc_column_text] HAZ TU PEDIDO POR TEL\u00c9FONO \u201cSERVICIO DE PATAPHONE\u201d [\/vc_column_text][vc_empty_space][vc_column_text]Sin moverte de casa y con tan solo una llamada de tel\u00e9fono al 945 038 646 te ofrecemos la posibilidad de comprar cualquier producto de [&hellip;]\" \/>\n<meta property=\"og:url\" content=\"https:\/\/www.perseestetica.com\/index.php\/pataphone\/\" \/>\n<meta property=\"og:site_name\" content=\"PER SE ESTETICA\" \/>\n<meta property=\"article:modified_time\" content=\"2022-09-22T09:39:05+00:00\" \/>\n<meta property=\"og:image\" content=\"http:\/\/www.perseestetica.com\/wp-content\/uploads\/2017\/12\/icono_facebook.png\" \/>\n<meta name=\"twitter:card\" content=\"summary_large_image\" \/>\n<meta name=\"twitter:label1\" content=\"Tiempo de lectura\" \/>\n\t<meta name=\"twitter:data1\" content=\"1 minuto\" \/>\n<script type=\"application\/ld+json\" class=\"yoast-schema-graph\">{\"@context\":\"https:\/\/schema.org\",\"@graph\":[{\"@type\":\"WebPage\",\"@id\":\"https:\/\/www.perseestetica.com\/index.php\/pataphone\/\",\"url\":\"https:\/\/www.perseestetica.com\/index.php\/pataphone\/\",\"name\":\"pataphone - PER SE ESTETICA\",\"isPartOf\":{\"@id\":\"https:\/\/www.perseestetica.com\/#website\"},\"primaryImageOfPage\":{\"@id\":\"https:\/\/www.perseestetica.com\/index.php\/pataphone\/#primaryimage\"},\"image\":{\"@id\":\"https:\/\/www.perseestetica.com\/index.php\/pataphone\/#primaryimage\"},\"thumbnailUrl\":\"http:\/\/www.perseestetica.com\/wp-content\/uploads\/2017\/12\/icono_facebook.png\",\"datePublished\":\"2020-11-03T09:50:45+00:00\",\"dateModified\":\"2022-09-22T09:39:05+00:00\",\"breadcrumb\":{\"@id\":\"https:\/\/www.perseestetica.com\/index.php\/pataphone\/#breadcrumb\"},\"inLanguage\":\"es\",\"potentialAction\":[{\"@type\":\"ReadAction\",\"target\":[\"https:\/\/www.perseestetica.com\/index.php\/pataphone\/\"]}]},{\"@type\":\"ImageObject\",\"inLanguage\":\"es\",\"@id\":\"https:\/\/www.perseestetica.com\/index.php\/pataphone\/#primaryimage\",\"url\":\"http:\/\/www.perseestetica.com\/wp-content\/uploads\/2017\/12\/icono_facebook.png\",\"contentUrl\":\"http:\/\/www.perseestetica.com\/wp-content\/uploads\/2017\/12\/icono_facebook.png\"},{\"@type\":\"BreadcrumbList\",\"@id\":\"https:\/\/www.perseestetica.com\/index.php\/pataphone\/#breadcrumb\",\"itemListElement\":[{\"@type\":\"ListItem\",\"position\":1,\"name\":\"Portada\",\"item\":\"https:\/\/www.perseestetica.com\/\"},{\"@type\":\"ListItem\",\"position\":2,\"name\":\"pataphone\"}]},{\"@type\":\"WebSite\",\"@id\":\"https:\/\/www.perseestetica.com\/#website\",\"url\":\"https:\/\/www.perseestetica.com\/\",\"name\":\"PER SE ESTETICA\",\"description\":\"Centro de est\u00e9tica y bienestar en Vitoria-Gasteiz\",\"potentialAction\":[{\"@type\":\"SearchAction\",\"target\":{\"@type\":\"EntryPoint\",\"urlTemplate\":\"https:\/\/www.perseestetica.com\/?s={search_term_string}\"},\"query-input\":{\"@type\":\"PropertyValueSpecification\",\"valueRequired\":true,\"valueName\":\"search_term_string\"}}],\"inLanguage\":\"es\"}]}<\/script>\n<!-- \/ Yoast SEO plugin. -->","yoast_head_json":{"title":"pataphone - PER SE ESTETICA","robots":{"index":"index","follow":"follow","max-snippet":"max-snippet:-1","max-image-preview":"max-image-preview:large","max-video-preview":"max-video-preview:-1"},"canonical":"https:\/\/www.perseestetica.com\/index.php\/pataphone\/","og_locale":"es_ES","og_type":"article","og_title":"pataphone - PER SE ESTETICA","og_description":"[vc_row][vc_column width=\u00bb1\/2&#8243;][vc_empty_space height=\u00bb100px\u00bb][vc_single_image image=\u00bb3652&#8243; img_size=\u00bb600&#215;600&#8243;][\/vc_column][vc_column width=\u00bb1\/2&#8243;][vc_empty_space height=\u00bb78px\u00bb][vc_column_text] HAZ TU PEDIDO POR TEL\u00c9FONO \u201cSERVICIO DE PATAPHONE\u201d [\/vc_column_text][vc_empty_space][vc_column_text]Sin moverte de casa y con tan solo una llamada de tel\u00e9fono al 945 038 646 te ofrecemos la posibilidad de comprar cualquier producto de [&hellip;]","og_url":"https:\/\/www.perseestetica.com\/index.php\/pataphone\/","og_site_name":"PER SE ESTETICA","article_modified_time":"2022-09-22T09:39:05+00:00","og_image":[{"url":"http:\/\/www.perseestetica.com\/wp-content\/uploads\/2017\/12\/icono_facebook.png","type":"","width":"","height":""}],"twitter_card":"summary_large_image","twitter_misc":{"Tiempo de lectura":"1 minuto"},"schema":{"@context":"https:\/\/schema.org","@graph":[{"@type":"WebPage","@id":"https:\/\/www.perseestetica.com\/index.php\/pataphone\/","url":"https:\/\/www.perseestetica.com\/index.php\/pataphone\/","name":"pataphone - PER SE ESTETICA","isPartOf":{"@id":"https:\/\/www.perseestetica.com\/#website"},"primaryImageOfPage":{"@id":"https:\/\/www.perseestetica.com\/index.php\/pataphone\/#primaryimage"},"image":{"@id":"https:\/\/www.perseestetica.com\/index.php\/pataphone\/#primaryimage"},"thumbnailUrl":"http:\/\/www.perseestetica.com\/wp-content\/uploads\/2017\/12\/icono_facebook.png","datePublished":"2020-11-03T09:50:45+00:00","dateModified":"2022-09-22T09:39:05+00:00","breadcrumb":{"@id":"https:\/\/www.perseestetica.com\/index.php\/pataphone\/#breadcrumb"},"inLanguage":"es","potentialAction":[{"@type":"ReadAction","target":["https:\/\/www.perseestetica.com\/index.php\/pataphone\/"]}]},{"@type":"ImageObject","inLanguage":"es","@id":"https:\/\/www.perseestetica.com\/index.php\/pataphone\/#primaryimage","url":"http:\/\/www.perseestetica.com\/wp-content\/uploads\/2017\/12\/icono_facebook.png","contentUrl":"http:\/\/www.perseestetica.com\/wp-content\/uploads\/2017\/12\/icono_facebook.png"},{"@type":"BreadcrumbList","@id":"https:\/\/www.perseestetica.com\/index.php\/pataphone\/#breadcrumb","itemListElement":[{"@type":"ListItem","position":1,"name":"Portada","item":"https:\/\/www.perseestetica.com\/"},{"@type":"ListItem","position":2,"name":"pataphone"}]},{"@type":"WebSite","@id":"https:\/\/www.perseestetica.com\/#website","url":"https:\/\/www.perseestetica.com\/","name":"PER SE ESTETICA","description":"Centro de est\u00e9tica y bienestar en Vitoria-Gasteiz","potentialAction":[{"@type":"SearchAction","target":{"@type":"EntryPoint","urlTemplate":"https:\/\/www.perseestetica.com\/?s={search_term_string}"},"query-input":{"@type":"PropertyValueSpecification","valueRequired":true,"valueName":"search_term_string"}}],"inLanguage":"es"}]}},"_links":{"self":[{"href":"https:\/\/www.perseestetica.com\/index.php\/wp-json\/wp\/v2\/pages\/3623","targetHints":{"allow":["GET"]}}],"collection":[{"href":"https:\/\/www.perseestetica.com\/index.php\/wp-json\/wp\/v2\/pages"}],"about":[{"href":"https:\/\/www.perseestetica.com\/index.php\/wp-json\/wp\/v2\/types\/page"}],"author":[{"embeddable":true,"href":"https:\/\/www.perseestetica.com\/index.php\/wp-json\/wp\/v2\/users\/1"}],"replies":[{"embeddable":true,"href":"https:\/\/www.perseestetica.com\/index.php\/wp-json\/wp\/v2\/comments?post=3623"}],"version-history":[{"count":28,"href":"https:\/\/www.perseestetica.com\/index.php\/wp-json\/wp\/v2\/pages\/3623\/revisions"}],"predecessor-version":[{"id":3905,"href":"https:\/\/www.perseestetica.com\/index.php\/wp-json\/wp\/v2\/pages\/3623\/revisions\/3905"}],"wp:attachment":[{"href":"https:\/\/www.perseestetica.com\/index.php\/wp-json\/wp\/v2\/media?parent=3623"}],"curies":[{"name":"wp","href":"https:\/\/api.w.org\/{rel}","templated":true}]}}