{"id":3468,"date":"2019-11-22T15:53:23","date_gmt":"2019-11-22T15:53:23","guid":{"rendered":"https:\/\/www.perseestetica.com\/?post_type=product&#038;p=3468"},"modified":"2019-12-16T10:49:36","modified_gmt":"2019-12-16T10:49:36","slug":"golden-spa","status":"publish","type":"product","link":"https:\/\/www.perseestetica.com\/index.php\/product\/golden-spa\/","title":{"rendered":"GOLDEN SPA"},"content":{"rendered":"","protected":false},"excerpt":{"rendered":"<p><span style=\"color: #000000;\">Una manera de sentir el lujo en tu piel. D\u00e9jate mimar y siente como se reafirma e ilumina tu rostro y tu cuerpo. Viaja al Antiguo Egipto y date un ba\u00f1o de oro como lo hac\u00eda Cleopatra. Un ba\u00f1o de sensaciones en el que se activa y se estimula la renovaci\u00f3n celular, incrementando las defensas de la epidermis frente a las agresiones externas. Proporciona firmeza a tu cuerpo y regenera e hidrata tu piel en profundidad. Despierta tu cuerpo y siente un efecto tensor inmediato que potencia la luminosidad de tu piel. <\/span><\/p>\n","protected":false},"featured_media":3451,"template":"","meta":[],"product_brand":[],"product_cat":[116],"product_tag":[153,154,151,152,142,162,148,149,155,150,147],"class_list":{"0":"post-3468","1":"product","2":"type-product","3":"status-publish","4":"has-post-thumbnail","6":"product_cat-facialcorporal","7":"product_tag-fuera-arrugas","8":"product_tag-renovacion-celular","9":"product_tag-salon-de-belleza","10":"product_tag-tratamiento-antienvejecimiento","11":"product_tag-tratamiento-corporal","12":"product_tag-tratamiento-de-luminosidad","13":"product_tag-tratamiento-facial","14":"product_tag-tratamiento-facial-y-corporal","15":"product_tag-tratamiento-relajante","16":"product_tag-tratamientos-de-belleza","17":"product_tag-tratamientos-de-lujo","19":"first","20":"instock","21":"featured","22":"downloadable","23":"taxable","24":"shipping-taxable","25":"purchasable","26":"product-type-simple"},"yoast_head":"<!-- This site is optimized with the Yoast SEO plugin v27.0 - https:\/\/yoast.com\/product\/yoast-seo-wordpress\/ -->\n<title>GOLDEN SPA - PER SE ESTETICA<\/title>\n<meta name=\"robots\" content=\"index, follow, max-snippet:-1, max-image-preview:large, max-video-preview:-1\" \/>\n<link rel=\"canonical\" href=\"https:\/\/www.perseestetica.com\/index.php\/product\/golden-spa\/\" \/>\n<meta property=\"og:locale\" content=\"es_ES\" \/>\n<meta property=\"og:type\" content=\"article\" \/>\n<meta property=\"og:title\" content=\"GOLDEN SPA - PER SE ESTETICA\" \/>\n<meta property=\"og:description\" content=\"Una manera de sentir el lujo en tu piel. D\u00e9jate mimar y siente como se reafirma e ilumina tu rostro y tu cuerpo. Viaja al Antiguo Egipto y date un ba\u00f1o de oro como lo hac\u00eda Cleopatra. Un ba\u00f1o de sensaciones en el que se activa y se estimula la renovaci\u00f3n celular, incrementando las defensas de la epidermis frente a las agresiones externas. Proporciona firmeza a tu cuerpo y regenera e hidrata tu piel en profundidad. Despierta tu cuerpo y siente un efecto tensor inmediato que potencia la luminosidad de tu piel.\" \/>\n<meta property=\"og:url\" content=\"https:\/\/www.perseestetica.com\/index.php\/product\/golden-spa\/\" \/>\n<meta property=\"og:site_name\" content=\"PER SE ESTETICA\" \/>\n<meta property=\"article:modified_time\" content=\"2019-12-16T10:49:36+00:00\" \/>\n<meta property=\"og:image\" content=\"https:\/\/www.perseestetica.com\/wp-content\/uploads\/2019\/11\/golden-spa.jpg\" \/>\n\t<meta property=\"og:image:width\" content=\"600\" \/>\n\t<meta property=\"og:image:height\" content=\"600\" \/>\n\t<meta property=\"og:image:type\" content=\"image\/jpeg\" \/>\n<meta name=\"twitter:card\" content=\"summary_large_image\" \/>\n<script type=\"application\/ld+json\" class=\"yoast-schema-graph\">{\"@context\":\"https:\/\/schema.org\",\"@graph\":[{\"@type\":\"WebPage\",\"@id\":\"https:\/\/www.perseestetica.com\/index.php\/product\/golden-spa\/\",\"url\":\"https:\/\/www.perseestetica.com\/index.php\/product\/golden-spa\/\",\"name\":\"GOLDEN SPA - PER SE ESTETICA\",\"isPartOf\":{\"@id\":\"https:\/\/www.perseestetica.com\/#website\"},\"primaryImageOfPage\":{\"@id\":\"https:\/\/www.perseestetica.com\/index.php\/product\/golden-spa\/#primaryimage\"},\"image\":{\"@id\":\"https:\/\/www.perseestetica.com\/index.php\/product\/golden-spa\/#primaryimage\"},\"thumbnailUrl\":\"https:\/\/www.perseestetica.com\/wp-content\/uploads\/2019\/11\/golden-spa.jpg\",\"datePublished\":\"2019-11-22T15:53:23+00:00\",\"dateModified\":\"2019-12-16T10:49:36+00:00\",\"breadcrumb\":{\"@id\":\"https:\/\/www.perseestetica.com\/index.php\/product\/golden-spa\/#breadcrumb\"},\"inLanguage\":\"es\",\"potentialAction\":[{\"@type\":\"ReadAction\",\"target\":[\"https:\/\/www.perseestetica.com\/index.php\/product\/golden-spa\/\"]}]},{\"@type\":\"ImageObject\",\"inLanguage\":\"es\",\"@id\":\"https:\/\/www.perseestetica.com\/index.php\/product\/golden-spa\/#primaryimage\",\"url\":\"https:\/\/www.perseestetica.com\/wp-content\/uploads\/2019\/11\/golden-spa.jpg\",\"contentUrl\":\"https:\/\/www.perseestetica.com\/wp-content\/uploads\/2019\/11\/golden-spa.jpg\",\"width\":600,\"height\":600},{\"@type\":\"BreadcrumbList\",\"@id\":\"https:\/\/www.perseestetica.com\/index.php\/product\/golden-spa\/#breadcrumb\",\"itemListElement\":[{\"@type\":\"ListItem\",\"position\":1,\"name\":\"Portada\",\"item\":\"https:\/\/www.perseestetica.com\/\"},{\"@type\":\"ListItem\",\"position\":2,\"name\":\"Productos\",\"item\":\"https:\/\/www.perseestetica.com\/index.php\/shop\/\"},{\"@type\":\"ListItem\",\"position\":3,\"name\":\"GOLDEN SPA\"}]},{\"@type\":\"WebSite\",\"@id\":\"https:\/\/www.perseestetica.com\/#website\",\"url\":\"https:\/\/www.perseestetica.com\/\",\"name\":\"PER SE ESTETICA\",\"description\":\"Centro de est\u00e9tica y bienestar en Vitoria-Gasteiz\",\"potentialAction\":[{\"@type\":\"SearchAction\",\"target\":{\"@type\":\"EntryPoint\",\"urlTemplate\":\"https:\/\/www.perseestetica.com\/?s={search_term_string}\"},\"query-input\":{\"@type\":\"PropertyValueSpecification\",\"valueRequired\":true,\"valueName\":\"search_term_string\"}}],\"inLanguage\":\"es\"}]}<\/script>\n<!-- \/ Yoast SEO plugin. -->","yoast_head_json":{"title":"GOLDEN SPA - PER SE ESTETICA","robots":{"index":"index","follow":"follow","max-snippet":"max-snippet:-1","max-image-preview":"max-image-preview:large","max-video-preview":"max-video-preview:-1"},"canonical":"https:\/\/www.perseestetica.com\/index.php\/product\/golden-spa\/","og_locale":"es_ES","og_type":"article","og_title":"GOLDEN SPA - PER SE ESTETICA","og_description":"Una manera de sentir el lujo en tu piel. D\u00e9jate mimar y siente como se reafirma e ilumina tu rostro y tu cuerpo. Viaja al Antiguo Egipto y date un ba\u00f1o de oro como lo hac\u00eda Cleopatra. Un ba\u00f1o de sensaciones en el que se activa y se estimula la renovaci\u00f3n celular, incrementando las defensas de la epidermis frente a las agresiones externas. Proporciona firmeza a tu cuerpo y regenera e hidrata tu piel en profundidad. Despierta tu cuerpo y siente un efecto tensor inmediato que potencia la luminosidad de tu piel.","og_url":"https:\/\/www.perseestetica.com\/index.php\/product\/golden-spa\/","og_site_name":"PER SE ESTETICA","article_modified_time":"2019-12-16T10:49:36+00:00","og_image":[{"width":600,"height":600,"url":"https:\/\/www.perseestetica.com\/wp-content\/uploads\/2019\/11\/golden-spa.jpg","type":"image\/jpeg"}],"twitter_card":"summary_large_image","schema":{"@context":"https:\/\/schema.org","@graph":[{"@type":"WebPage","@id":"https:\/\/www.perseestetica.com\/index.php\/product\/golden-spa\/","url":"https:\/\/www.perseestetica.com\/index.php\/product\/golden-spa\/","name":"GOLDEN SPA - PER SE ESTETICA","isPartOf":{"@id":"https:\/\/www.perseestetica.com\/#website"},"primaryImageOfPage":{"@id":"https:\/\/www.perseestetica.com\/index.php\/product\/golden-spa\/#primaryimage"},"image":{"@id":"https:\/\/www.perseestetica.com\/index.php\/product\/golden-spa\/#primaryimage"},"thumbnailUrl":"https:\/\/www.perseestetica.com\/wp-content\/uploads\/2019\/11\/golden-spa.jpg","datePublished":"2019-11-22T15:53:23+00:00","dateModified":"2019-12-16T10:49:36+00:00","breadcrumb":{"@id":"https:\/\/www.perseestetica.com\/index.php\/product\/golden-spa\/#breadcrumb"},"inLanguage":"es","potentialAction":[{"@type":"ReadAction","target":["https:\/\/www.perseestetica.com\/index.php\/product\/golden-spa\/"]}]},{"@type":"ImageObject","inLanguage":"es","@id":"https:\/\/www.perseestetica.com\/index.php\/product\/golden-spa\/#primaryimage","url":"https:\/\/www.perseestetica.com\/wp-content\/uploads\/2019\/11\/golden-spa.jpg","contentUrl":"https:\/\/www.perseestetica.com\/wp-content\/uploads\/2019\/11\/golden-spa.jpg","width":600,"height":600},{"@type":"BreadcrumbList","@id":"https:\/\/www.perseestetica.com\/index.php\/product\/golden-spa\/#breadcrumb","itemListElement":[{"@type":"ListItem","position":1,"name":"Portada","item":"https:\/\/www.perseestetica.com\/"},{"@type":"ListItem","position":2,"name":"Productos","item":"https:\/\/www.perseestetica.com\/index.php\/shop\/"},{"@type":"ListItem","position":3,"name":"GOLDEN SPA"}]},{"@type":"WebSite","@id":"https:\/\/www.perseestetica.com\/#website","url":"https:\/\/www.perseestetica.com\/","name":"PER SE ESTETICA","description":"Centro de est\u00e9tica y bienestar en Vitoria-Gasteiz","potentialAction":[{"@type":"SearchAction","target":{"@type":"EntryPoint","urlTemplate":"https:\/\/www.perseestetica.com\/?s={search_term_string}"},"query-input":{"@type":"PropertyValueSpecification","valueRequired":true,"valueName":"search_term_string"}}],"inLanguage":"es"}]}},"_links":{"self":[{"href":"https:\/\/www.perseestetica.com\/index.php\/wp-json\/wp\/v2\/product\/3468","targetHints":{"allow":["GET"]}}],"collection":[{"href":"https:\/\/www.perseestetica.com\/index.php\/wp-json\/wp\/v2\/product"}],"about":[{"href":"https:\/\/www.perseestetica.com\/index.php\/wp-json\/wp\/v2\/types\/product"}],"wp:featuredmedia":[{"embeddable":true,"href":"https:\/\/www.perseestetica.com\/index.php\/wp-json\/wp\/v2\/media\/3451"}],"wp:attachment":[{"href":"https:\/\/www.perseestetica.com\/index.php\/wp-json\/wp\/v2\/media?parent=3468"}],"wp:term":[{"taxonomy":"product_brand","embeddable":true,"href":"https:\/\/www.perseestetica.com\/index.php\/wp-json\/wp\/v2\/product_brand?post=3468"},{"taxonomy":"product_cat","embeddable":true,"href":"https:\/\/www.perseestetica.com\/index.php\/wp-json\/wp\/v2\/product_cat?post=3468"},{"taxonomy":"product_tag","embeddable":true,"href":"https:\/\/www.perseestetica.com\/index.php\/wp-json\/wp\/v2\/product_tag?post=3468"}],"curies":[{"name":"wp","href":"https:\/\/api.w.org\/{rel}","templated":true}]}}