{"id":3729,"date":"2017-09-20T14:06:53","date_gmt":"2017-09-20T14:06:53","guid":{"rendered":"https:\/\/www.perseestetica.com\/?post_type=product&#038;p=3729"},"modified":"2021-06-01T10:11:06","modified_gmt":"2021-06-01T10:11:06","slug":"cyfolia","status":"publish","type":"product","link":"https:\/\/www.perseestetica.com\/index.php\/product\/cyfolia\/","title":{"rendered":"CYFOLIA"},"content":{"rendered":"","protected":false},"excerpt":{"rendered":"<p>La belleza radiante de<strong> Cyfolia Bio de Phytomer<\/strong> triunfa, dentro y fuera de cabina. Un <strong>tratamiento BIO-ORGANIC<\/strong> con certificaci\u00f3n ecol\u00f3gica. El <strong>sello ECOCERT<\/strong> en la cabina de tratamientos para todos los incondicionales de lo ecol\u00f3gico.<\/p>\n<p>La <strong>luminosidad intensificada<\/strong> para todo el mundo gracias al alga Cyfolia ecol\u00f3gica, reveladora de una luminosidad inmediata. Masaje facial relajante en el rostro y el contorno de los ojos. Bonito toque de luminosidad y de hidrataci\u00f3n inmediata.<\/p>\n<p>Consigue una tez luminosa incomparable. Una oferta universal adaptada a todos los tipos de piel.<\/p>\n","protected":false},"featured_media":3730,"template":"","meta":[],"product_brand":[],"product_cat":[114,83],"product_tag":[215,221,217,218,219,220,216],"class_list":{"0":"post-3729","1":"product","2":"type-product","3":"status-publish","4":"has-post-thumbnail","6":"product_cat-facial","7":"product_cat-organic","8":"product_tag-alga-marina","9":"product_tag-contorno-de-ojos","10":"product_tag-cyfolia-bio","11":"product_tag-ecologico","12":"product_tag-luminosidad","13":"product_tag-rostro","14":"product_tag-tratamiento-bio-organic","16":"first","17":"instock","18":"taxable","19":"shipping-taxable","20":"purchasable","21":"product-type-simple"},"yoast_head":"<!-- This site is optimized with the Yoast SEO plugin v27.0 - https:\/\/yoast.com\/product\/yoast-seo-wordpress\/ -->\n<title>CYFOLIA - PER SE ESTETICA<\/title>\n<meta name=\"robots\" content=\"index, follow, max-snippet:-1, max-image-preview:large, max-video-preview:-1\" \/>\n<link rel=\"canonical\" href=\"https:\/\/www.perseestetica.com\/index.php\/product\/cyfolia\/\" \/>\n<meta property=\"og:locale\" content=\"es_ES\" \/>\n<meta property=\"og:type\" content=\"article\" \/>\n<meta property=\"og:title\" content=\"CYFOLIA - PER SE ESTETICA\" \/>\n<meta property=\"og:description\" content=\"La belleza radiante de Cyfolia Bio de Phytomer triunfa, dentro y fuera de cabina. Un tratamiento BIO-ORGANIC con certificaci\u00f3n ecol\u00f3gica. El sello ECOCERT en la cabina de tratamientos para todos los incondicionales de lo ecol\u00f3gico.  La luminosidad intensificada para todo el mundo gracias al alga Cyfolia ecol\u00f3gica, reveladora de una luminosidad inmediata. Masaje facial relajante en el rostro y el contorno de los ojos. Bonito toque de luminosidad y de hidrataci\u00f3n inmediata.  Consigue una tez luminosa incomparable. Una oferta universal adaptada a todos los tipos de piel.\" \/>\n<meta property=\"og:url\" content=\"https:\/\/www.perseestetica.com\/index.php\/product\/cyfolia\/\" \/>\n<meta property=\"og:site_name\" content=\"PER SE ESTETICA\" \/>\n<meta property=\"article:modified_time\" content=\"2021-06-01T10:11:06+00:00\" \/>\n<meta property=\"og:image\" content=\"https:\/\/www.perseestetica.com\/wp-content\/uploads\/2021\/06\/BONO-CYFOLIA-AA.jpg\" \/>\n\t<meta property=\"og:image:width\" content=\"1080\" \/>\n\t<meta property=\"og:image:height\" content=\"1080\" \/>\n\t<meta property=\"og:image:type\" content=\"image\/jpeg\" \/>\n<meta name=\"twitter:card\" content=\"summary_large_image\" \/>\n<script type=\"application\/ld+json\" class=\"yoast-schema-graph\">{\"@context\":\"https:\/\/schema.org\",\"@graph\":[{\"@type\":\"WebPage\",\"@id\":\"https:\/\/www.perseestetica.com\/index.php\/product\/cyfolia\/\",\"url\":\"https:\/\/www.perseestetica.com\/index.php\/product\/cyfolia\/\",\"name\":\"CYFOLIA - PER SE ESTETICA\",\"isPartOf\":{\"@id\":\"https:\/\/www.perseestetica.com\/#website\"},\"primaryImageOfPage\":{\"@id\":\"https:\/\/www.perseestetica.com\/index.php\/product\/cyfolia\/#primaryimage\"},\"image\":{\"@id\":\"https:\/\/www.perseestetica.com\/index.php\/product\/cyfolia\/#primaryimage\"},\"thumbnailUrl\":\"https:\/\/www.perseestetica.com\/wp-content\/uploads\/2021\/06\/BONO-CYFOLIA-AA.jpg\",\"datePublished\":\"2017-09-20T14:06:53+00:00\",\"dateModified\":\"2021-06-01T10:11:06+00:00\",\"breadcrumb\":{\"@id\":\"https:\/\/www.perseestetica.com\/index.php\/product\/cyfolia\/#breadcrumb\"},\"inLanguage\":\"es\",\"potentialAction\":[{\"@type\":\"ReadAction\",\"target\":[\"https:\/\/www.perseestetica.com\/index.php\/product\/cyfolia\/\"]}]},{\"@type\":\"ImageObject\",\"inLanguage\":\"es\",\"@id\":\"https:\/\/www.perseestetica.com\/index.php\/product\/cyfolia\/#primaryimage\",\"url\":\"https:\/\/www.perseestetica.com\/wp-content\/uploads\/2021\/06\/BONO-CYFOLIA-AA.jpg\",\"contentUrl\":\"https:\/\/www.perseestetica.com\/wp-content\/uploads\/2021\/06\/BONO-CYFOLIA-AA.jpg\",\"width\":1080,\"height\":1080},{\"@type\":\"BreadcrumbList\",\"@id\":\"https:\/\/www.perseestetica.com\/index.php\/product\/cyfolia\/#breadcrumb\",\"itemListElement\":[{\"@type\":\"ListItem\",\"position\":1,\"name\":\"Portada\",\"item\":\"https:\/\/www.perseestetica.com\/\"},{\"@type\":\"ListItem\",\"position\":2,\"name\":\"Productos\",\"item\":\"https:\/\/www.perseestetica.com\/index.php\/shop\/\"},{\"@type\":\"ListItem\",\"position\":3,\"name\":\"CYFOLIA\"}]},{\"@type\":\"WebSite\",\"@id\":\"https:\/\/www.perseestetica.com\/#website\",\"url\":\"https:\/\/www.perseestetica.com\/\",\"name\":\"PER SE ESTETICA\",\"description\":\"Centro de est\u00e9tica y bienestar en Vitoria-Gasteiz\",\"potentialAction\":[{\"@type\":\"SearchAction\",\"target\":{\"@type\":\"EntryPoint\",\"urlTemplate\":\"https:\/\/www.perseestetica.com\/?s={search_term_string}\"},\"query-input\":{\"@type\":\"PropertyValueSpecification\",\"valueRequired\":true,\"valueName\":\"search_term_string\"}}],\"inLanguage\":\"es\"}]}<\/script>\n<!-- \/ Yoast SEO plugin. -->","yoast_head_json":{"title":"CYFOLIA - PER SE ESTETICA","robots":{"index":"index","follow":"follow","max-snippet":"max-snippet:-1","max-image-preview":"max-image-preview:large","max-video-preview":"max-video-preview:-1"},"canonical":"https:\/\/www.perseestetica.com\/index.php\/product\/cyfolia\/","og_locale":"es_ES","og_type":"article","og_title":"CYFOLIA - PER SE ESTETICA","og_description":"La belleza radiante de Cyfolia Bio de Phytomer triunfa, dentro y fuera de cabina. Un tratamiento BIO-ORGANIC con certificaci\u00f3n ecol\u00f3gica. El sello ECOCERT en la cabina de tratamientos para todos los incondicionales de lo ecol\u00f3gico.  La luminosidad intensificada para todo el mundo gracias al alga Cyfolia ecol\u00f3gica, reveladora de una luminosidad inmediata. Masaje facial relajante en el rostro y el contorno de los ojos. Bonito toque de luminosidad y de hidrataci\u00f3n inmediata.  Consigue una tez luminosa incomparable. Una oferta universal adaptada a todos los tipos de piel.","og_url":"https:\/\/www.perseestetica.com\/index.php\/product\/cyfolia\/","og_site_name":"PER SE ESTETICA","article_modified_time":"2021-06-01T10:11:06+00:00","og_image":[{"width":1080,"height":1080,"url":"https:\/\/www.perseestetica.com\/wp-content\/uploads\/2021\/06\/BONO-CYFOLIA-AA.jpg","type":"image\/jpeg"}],"twitter_card":"summary_large_image","schema":{"@context":"https:\/\/schema.org","@graph":[{"@type":"WebPage","@id":"https:\/\/www.perseestetica.com\/index.php\/product\/cyfolia\/","url":"https:\/\/www.perseestetica.com\/index.php\/product\/cyfolia\/","name":"CYFOLIA - PER SE ESTETICA","isPartOf":{"@id":"https:\/\/www.perseestetica.com\/#website"},"primaryImageOfPage":{"@id":"https:\/\/www.perseestetica.com\/index.php\/product\/cyfolia\/#primaryimage"},"image":{"@id":"https:\/\/www.perseestetica.com\/index.php\/product\/cyfolia\/#primaryimage"},"thumbnailUrl":"https:\/\/www.perseestetica.com\/wp-content\/uploads\/2021\/06\/BONO-CYFOLIA-AA.jpg","datePublished":"2017-09-20T14:06:53+00:00","dateModified":"2021-06-01T10:11:06+00:00","breadcrumb":{"@id":"https:\/\/www.perseestetica.com\/index.php\/product\/cyfolia\/#breadcrumb"},"inLanguage":"es","potentialAction":[{"@type":"ReadAction","target":["https:\/\/www.perseestetica.com\/index.php\/product\/cyfolia\/"]}]},{"@type":"ImageObject","inLanguage":"es","@id":"https:\/\/www.perseestetica.com\/index.php\/product\/cyfolia\/#primaryimage","url":"https:\/\/www.perseestetica.com\/wp-content\/uploads\/2021\/06\/BONO-CYFOLIA-AA.jpg","contentUrl":"https:\/\/www.perseestetica.com\/wp-content\/uploads\/2021\/06\/BONO-CYFOLIA-AA.jpg","width":1080,"height":1080},{"@type":"BreadcrumbList","@id":"https:\/\/www.perseestetica.com\/index.php\/product\/cyfolia\/#breadcrumb","itemListElement":[{"@type":"ListItem","position":1,"name":"Portada","item":"https:\/\/www.perseestetica.com\/"},{"@type":"ListItem","position":2,"name":"Productos","item":"https:\/\/www.perseestetica.com\/index.php\/shop\/"},{"@type":"ListItem","position":3,"name":"CYFOLIA"}]},{"@type":"WebSite","@id":"https:\/\/www.perseestetica.com\/#website","url":"https:\/\/www.perseestetica.com\/","name":"PER SE ESTETICA","description":"Centro de est\u00e9tica y bienestar en Vitoria-Gasteiz","potentialAction":[{"@type":"SearchAction","target":{"@type":"EntryPoint","urlTemplate":"https:\/\/www.perseestetica.com\/?s={search_term_string}"},"query-input":{"@type":"PropertyValueSpecification","valueRequired":true,"valueName":"search_term_string"}}],"inLanguage":"es"}]}},"_links":{"self":[{"href":"https:\/\/www.perseestetica.com\/index.php\/wp-json\/wp\/v2\/product\/3729","targetHints":{"allow":["GET"]}}],"collection":[{"href":"https:\/\/www.perseestetica.com\/index.php\/wp-json\/wp\/v2\/product"}],"about":[{"href":"https:\/\/www.perseestetica.com\/index.php\/wp-json\/wp\/v2\/types\/product"}],"wp:featuredmedia":[{"embeddable":true,"href":"https:\/\/www.perseestetica.com\/index.php\/wp-json\/wp\/v2\/media\/3730"}],"wp:attachment":[{"href":"https:\/\/www.perseestetica.com\/index.php\/wp-json\/wp\/v2\/media?parent=3729"}],"wp:term":[{"taxonomy":"product_brand","embeddable":true,"href":"https:\/\/www.perseestetica.com\/index.php\/wp-json\/wp\/v2\/product_brand?post=3729"},{"taxonomy":"product_cat","embeddable":true,"href":"https:\/\/www.perseestetica.com\/index.php\/wp-json\/wp\/v2\/product_cat?post=3729"},{"taxonomy":"product_tag","embeddable":true,"href":"https:\/\/www.perseestetica.com\/index.php\/wp-json\/wp\/v2\/product_tag?post=3729"}],"curies":[{"name":"wp","href":"https:\/\/api.w.org\/{rel}","templated":true}]}}