{"id":766,"date":"2017-01-20T13:49:33","date_gmt":"2017-01-20T13:49:33","guid":{"rendered":"http:\/\/aviana.mikado-themes.com\/?post_type=product&#038;p=766"},"modified":"2019-11-28T07:49:23","modified_gmt":"2019-11-28T07:49:23","slug":"chocolate-soap","status":"publish","type":"product","link":"https:\/\/www.perseestetica.com\/index.php\/product\/chocolate-soap\/","title":{"rendered":"Tierra volc\u00e1nica"},"content":{"rendered":"","protected":false},"excerpt":{"rendered":"<p>Deja que las sensaciones de la tierra acaricien tu piel con un<strong> peeling volc\u00e1nico que favorece la renovaci\u00f3n cut\u00e1nea mediante un ligero masaje que dejar\u00e1 tu piel suave, radiante y libre de impurezas. <\/strong>De las profundidades de la tierra se obtienen los minerales empleados en este<strong> tratamiento corporal relajante.<\/strong><\/p>\n","protected":false},"featured_media":3121,"template":"","meta":[],"product_brand":[],"product_cat":[115],"product_tag":[],"class_list":{"0":"post-766","1":"product","2":"type-product","3":"status-publish","4":"has-post-thumbnail","6":"product_cat-corporal","8":"first","9":"instock","10":"downloadable","11":"taxable","12":"shipping-taxable","13":"purchasable","14":"product-type-simple"},"yoast_head":"<!-- This site is optimized with the Yoast SEO plugin v27.0 - https:\/\/yoast.com\/product\/yoast-seo-wordpress\/ -->\n<title>Tierra volc\u00e1nica - PER SE ESTETICA<\/title>\n<meta name=\"robots\" content=\"index, follow, max-snippet:-1, max-image-preview:large, max-video-preview:-1\" \/>\n<link rel=\"canonical\" href=\"https:\/\/www.perseestetica.com\/index.php\/product\/chocolate-soap\/\" \/>\n<meta property=\"og:locale\" content=\"es_ES\" \/>\n<meta property=\"og:type\" content=\"article\" \/>\n<meta property=\"og:title\" content=\"Tierra volc\u00e1nica - PER SE ESTETICA\" \/>\n<meta property=\"og:description\" content=\"Deja que las sensaciones de la tierra acaricien tu piel con un peeling volc\u00e1nico que favorece la renovaci\u00f3n cut\u00e1nea mediante un ligero masaje que dejar\u00e1 tu piel suave, radiante y libre de impurezas. De las profundidades de la tierra se obtienen los minerales empleados en este tratamiento corporal relajante.\" \/>\n<meta property=\"og:url\" content=\"https:\/\/www.perseestetica.com\/index.php\/product\/chocolate-soap\/\" \/>\n<meta property=\"og:site_name\" content=\"PER SE ESTETICA\" \/>\n<meta property=\"article:modified_time\" content=\"2019-11-28T07:49:23+00:00\" \/>\n<meta property=\"og:image\" content=\"https:\/\/www.perseestetica.com\/wp-content\/uploads\/2017\/09\/volcanico.jpg\" \/>\n\t<meta property=\"og:image:width\" content=\"700\" \/>\n\t<meta property=\"og:image:height\" content=\"700\" \/>\n\t<meta property=\"og:image:type\" content=\"image\/jpeg\" \/>\n<meta name=\"twitter:card\" content=\"summary_large_image\" \/>\n<script type=\"application\/ld+json\" class=\"yoast-schema-graph\">{\"@context\":\"https:\/\/schema.org\",\"@graph\":[{\"@type\":\"WebPage\",\"@id\":\"https:\/\/www.perseestetica.com\/index.php\/product\/chocolate-soap\/\",\"url\":\"https:\/\/www.perseestetica.com\/index.php\/product\/chocolate-soap\/\",\"name\":\"Tierra volc\u00e1nica - PER SE ESTETICA\",\"isPartOf\":{\"@id\":\"https:\/\/www.perseestetica.com\/#website\"},\"primaryImageOfPage\":{\"@id\":\"https:\/\/www.perseestetica.com\/index.php\/product\/chocolate-soap\/#primaryimage\"},\"image\":{\"@id\":\"https:\/\/www.perseestetica.com\/index.php\/product\/chocolate-soap\/#primaryimage\"},\"thumbnailUrl\":\"https:\/\/www.perseestetica.com\/wp-content\/uploads\/2017\/09\/volcanico.jpg\",\"datePublished\":\"2017-01-20T13:49:33+00:00\",\"dateModified\":\"2019-11-28T07:49:23+00:00\",\"breadcrumb\":{\"@id\":\"https:\/\/www.perseestetica.com\/index.php\/product\/chocolate-soap\/#breadcrumb\"},\"inLanguage\":\"es\",\"potentialAction\":[{\"@type\":\"ReadAction\",\"target\":[\"https:\/\/www.perseestetica.com\/index.php\/product\/chocolate-soap\/\"]}]},{\"@type\":\"ImageObject\",\"inLanguage\":\"es\",\"@id\":\"https:\/\/www.perseestetica.com\/index.php\/product\/chocolate-soap\/#primaryimage\",\"url\":\"https:\/\/www.perseestetica.com\/wp-content\/uploads\/2017\/09\/volcanico.jpg\",\"contentUrl\":\"https:\/\/www.perseestetica.com\/wp-content\/uploads\/2017\/09\/volcanico.jpg\",\"width\":700,\"height\":700},{\"@type\":\"BreadcrumbList\",\"@id\":\"https:\/\/www.perseestetica.com\/index.php\/product\/chocolate-soap\/#breadcrumb\",\"itemListElement\":[{\"@type\":\"ListItem\",\"position\":1,\"name\":\"Portada\",\"item\":\"https:\/\/www.perseestetica.com\/\"},{\"@type\":\"ListItem\",\"position\":2,\"name\":\"Productos\",\"item\":\"https:\/\/www.perseestetica.com\/index.php\/shop\/\"},{\"@type\":\"ListItem\",\"position\":3,\"name\":\"Tierra volc\u00e1nica\"}]},{\"@type\":\"WebSite\",\"@id\":\"https:\/\/www.perseestetica.com\/#website\",\"url\":\"https:\/\/www.perseestetica.com\/\",\"name\":\"PER SE ESTETICA\",\"description\":\"Centro de est\u00e9tica y bienestar en Vitoria-Gasteiz\",\"potentialAction\":[{\"@type\":\"SearchAction\",\"target\":{\"@type\":\"EntryPoint\",\"urlTemplate\":\"https:\/\/www.perseestetica.com\/?s={search_term_string}\"},\"query-input\":{\"@type\":\"PropertyValueSpecification\",\"valueRequired\":true,\"valueName\":\"search_term_string\"}}],\"inLanguage\":\"es\"}]}<\/script>\n<!-- \/ Yoast SEO plugin. -->","yoast_head_json":{"title":"Tierra volc\u00e1nica - PER SE ESTETICA","robots":{"index":"index","follow":"follow","max-snippet":"max-snippet:-1","max-image-preview":"max-image-preview:large","max-video-preview":"max-video-preview:-1"},"canonical":"https:\/\/www.perseestetica.com\/index.php\/product\/chocolate-soap\/","og_locale":"es_ES","og_type":"article","og_title":"Tierra volc\u00e1nica - PER SE ESTETICA","og_description":"Deja que las sensaciones de la tierra acaricien tu piel con un peeling volc\u00e1nico que favorece la renovaci\u00f3n cut\u00e1nea mediante un ligero masaje que dejar\u00e1 tu piel suave, radiante y libre de impurezas. De las profundidades de la tierra se obtienen los minerales empleados en este tratamiento corporal relajante.","og_url":"https:\/\/www.perseestetica.com\/index.php\/product\/chocolate-soap\/","og_site_name":"PER SE ESTETICA","article_modified_time":"2019-11-28T07:49:23+00:00","og_image":[{"width":700,"height":700,"url":"https:\/\/www.perseestetica.com\/wp-content\/uploads\/2017\/09\/volcanico.jpg","type":"image\/jpeg"}],"twitter_card":"summary_large_image","schema":{"@context":"https:\/\/schema.org","@graph":[{"@type":"WebPage","@id":"https:\/\/www.perseestetica.com\/index.php\/product\/chocolate-soap\/","url":"https:\/\/www.perseestetica.com\/index.php\/product\/chocolate-soap\/","name":"Tierra volc\u00e1nica - PER SE ESTETICA","isPartOf":{"@id":"https:\/\/www.perseestetica.com\/#website"},"primaryImageOfPage":{"@id":"https:\/\/www.perseestetica.com\/index.php\/product\/chocolate-soap\/#primaryimage"},"image":{"@id":"https:\/\/www.perseestetica.com\/index.php\/product\/chocolate-soap\/#primaryimage"},"thumbnailUrl":"https:\/\/www.perseestetica.com\/wp-content\/uploads\/2017\/09\/volcanico.jpg","datePublished":"2017-01-20T13:49:33+00:00","dateModified":"2019-11-28T07:49:23+00:00","breadcrumb":{"@id":"https:\/\/www.perseestetica.com\/index.php\/product\/chocolate-soap\/#breadcrumb"},"inLanguage":"es","potentialAction":[{"@type":"ReadAction","target":["https:\/\/www.perseestetica.com\/index.php\/product\/chocolate-soap\/"]}]},{"@type":"ImageObject","inLanguage":"es","@id":"https:\/\/www.perseestetica.com\/index.php\/product\/chocolate-soap\/#primaryimage","url":"https:\/\/www.perseestetica.com\/wp-content\/uploads\/2017\/09\/volcanico.jpg","contentUrl":"https:\/\/www.perseestetica.com\/wp-content\/uploads\/2017\/09\/volcanico.jpg","width":700,"height":700},{"@type":"BreadcrumbList","@id":"https:\/\/www.perseestetica.com\/index.php\/product\/chocolate-soap\/#breadcrumb","itemListElement":[{"@type":"ListItem","position":1,"name":"Portada","item":"https:\/\/www.perseestetica.com\/"},{"@type":"ListItem","position":2,"name":"Productos","item":"https:\/\/www.perseestetica.com\/index.php\/shop\/"},{"@type":"ListItem","position":3,"name":"Tierra volc\u00e1nica"}]},{"@type":"WebSite","@id":"https:\/\/www.perseestetica.com\/#website","url":"https:\/\/www.perseestetica.com\/","name":"PER SE ESTETICA","description":"Centro de est\u00e9tica y bienestar en Vitoria-Gasteiz","potentialAction":[{"@type":"SearchAction","target":{"@type":"EntryPoint","urlTemplate":"https:\/\/www.perseestetica.com\/?s={search_term_string}"},"query-input":{"@type":"PropertyValueSpecification","valueRequired":true,"valueName":"search_term_string"}}],"inLanguage":"es"}]}},"_links":{"self":[{"href":"https:\/\/www.perseestetica.com\/index.php\/wp-json\/wp\/v2\/product\/766","targetHints":{"allow":["GET"]}}],"collection":[{"href":"https:\/\/www.perseestetica.com\/index.php\/wp-json\/wp\/v2\/product"}],"about":[{"href":"https:\/\/www.perseestetica.com\/index.php\/wp-json\/wp\/v2\/types\/product"}],"wp:featuredmedia":[{"embeddable":true,"href":"https:\/\/www.perseestetica.com\/index.php\/wp-json\/wp\/v2\/media\/3121"}],"wp:attachment":[{"href":"https:\/\/www.perseestetica.com\/index.php\/wp-json\/wp\/v2\/media?parent=766"}],"wp:term":[{"taxonomy":"product_brand","embeddable":true,"href":"https:\/\/www.perseestetica.com\/index.php\/wp-json\/wp\/v2\/product_brand?post=766"},{"taxonomy":"product_cat","embeddable":true,"href":"https:\/\/www.perseestetica.com\/index.php\/wp-json\/wp\/v2\/product_cat?post=766"},{"taxonomy":"product_tag","embeddable":true,"href":"https:\/\/www.perseestetica.com\/index.php\/wp-json\/wp\/v2\/product_tag?post=766"}],"curies":[{"name":"wp","href":"https:\/\/api.w.org\/{rel}","templated":true}]}}